{"id":12763,"date":"2025-11-20T14:02:06","date_gmt":"2025-11-20T13:02:06","guid":{"rendered":"https:\/\/www.gbbw.be\/?page_id=12763"},"modified":"2025-11-20T14:03:15","modified_gmt":"2025-11-20T13:03:15","slug":"juridische-kennisgeving","status":"publish","type":"page","link":"https:\/\/www.gbbw.be\/nl\/juridische-kennisgeving\/","title":{"rendered":"Juridische kennisgeving"},"content":{"rendered":"\t\t<div data-elementor-type=\"wp-page\" data-elementor-id=\"12763\" class=\"elementor elementor-12763\">\n\t\t\t\t        <section class=\"elementor-section elementor-top-section elementor-element elementor-element-e38d6e8 elementor-section-stretched elementor-section-boxed elementor-section-height-default elementor-section-height-default pxl-row-scroll-none pxl-zoom-point-false pxl-section-overflow-visible pxl-section-fix-none pxl-bg-color-none pxl-section-overlay-none\" data-id=\"e38d6e8\" data-element_type=\"section\" data-settings=\"{&quot;stretch_section&quot;:&quot;section-stretched&quot;}\">\n\n                \n                <div class=\"elementor-container elementor-column-gap-extended \">\n                <div class=\"elementor-column elementor-col-100 elementor-top-column elementor-element elementor-element-23a8516 pxl-column-none\" data-id=\"23a8516\" data-element_type=\"column\" data-settings=\"{&quot;background_background&quot;:&quot;classic&quot;}\">\r\n        <div class=\"elementor-widget-wrap elementor-element-populated\">\r\n                                <div class=\"elementor-background-overlay\"><\/div>\r\n         \r\n                <section class=\"elementor-section elementor-inner-section elementor-element elementor-element-737da16 elementor-section-content-bottom elementor-section-boxed elementor-section-height-default elementor-section-height-default pxl-row-scroll-none pxl-zoom-point-false pxl-section-overflow-visible pxl-section-fix-none pxl-bg-color-none pxl-section-overlay-none\" data-id=\"737da16\" data-element_type=\"section\">\n\n                \n                <div class=\"elementor-container elementor-column-gap-extended \">\n                <div class=\"elementor-column elementor-col-50 elementor-inner-column elementor-element elementor-element-8f3959b pxl-column-none pxl-column-overflow-hidden-no\" data-id=\"8f3959b\" data-element_type=\"column\">\r\n        <div class=\"elementor-widget-wrap elementor-element-populated\">\r\n                     \r\n        \t\t<div class=\"elementor-element elementor-element-bfcda48 elementor-widget__width-auto elementor-widget elementor-widget-pxl_heading\" data-id=\"bfcda48\" data-element_type=\"widget\" data-widget_type=\"pxl_heading.default\">\n\t\t\t\t<div class=\"elementor-widget-container\">\n\t\t\t\t\t\n<div id=\"pxl-pxl_heading-bfcda48-4825\" class=\"pxl-heading px-sub-title-default-style \">\n\t<div class=\"pxl-heading--inner\">\n\t\t\n\t\t<h3 class=\"pxl-item--title style-default  highlight-default \" data-wow-delay=\"ms\">\n\t\t\t\t\tJuridische kennisgeving\t\n\t\t\t\n\t\t<\/h3>\n\t\t\n\t<\/div>\n<\/div>\t\t\t\t<\/div>\n\t\t\t\t<\/div>\n\t\t            <\/div>\r\n        <\/div>\r\n                <div class=\"elementor-column elementor-col-50 elementor-inner-column elementor-element elementor-element-adab693 pxl-column-none pxl-column-overflow-hidden-no\" data-id=\"adab693\" data-element_type=\"column\">\r\n        <div class=\"elementor-widget-wrap elementor-element-populated\">\r\n                     \r\n        \t\t<div class=\"elementor-element elementor-element-63a46ee elementor-widget__width-auto elementor-widget elementor-widget-pxl_breadcrumb\" data-id=\"63a46ee\" data-element_type=\"widget\" data-widget_type=\"pxl_breadcrumb.default\">\n\t\t\t\t<div class=\"elementor-widget-container\">\n\t\t\t\t\t<div class=\"pxl-breadcrumb-wrap\">\n\t<ul class=\"pxl-breadcrumb\"><li><span class=\"breadcrumb-entry\">Home<\/span><\/li><\/ul><\/div>\t\t\t\t<\/div>\n\t\t\t\t<\/div>\n\t\t            <\/div>\r\n        <\/div>\r\n        \t\t\t<\/div>\n\t\t<\/section>\n\t\t            <\/div>\r\n        <\/div>\r\n        \t\t\t<\/div>\n\t\t<\/section>\n\t\t        <section class=\"elementor-section elementor-top-section elementor-element elementor-element-c89f7ad elementor-section-boxed elementor-section-height-default elementor-section-height-default pxl-row-scroll-none pxl-zoom-point-false pxl-section-overflow-visible pxl-section-fix-none pxl-bg-color-none pxl-section-overlay-none\" data-id=\"c89f7ad\" data-element_type=\"section\">\n\n                \n                <div class=\"elementor-container elementor-column-gap-default \">\n                <div class=\"elementor-column elementor-col-100 elementor-top-column elementor-element elementor-element-b50d6c3 pxl-column-none pxl-column-overflow-hidden-no\" data-id=\"b50d6c3\" data-element_type=\"column\">\r\n        <div class=\"elementor-widget-wrap elementor-element-populated\">\r\n                     \r\n        \t\t<div class=\"elementor-element elementor-element-7cf8677 elementor-widget elementor-widget-text-editor\" data-id=\"7cf8677\" data-element_type=\"widget\" data-widget_type=\"text-editor.default\">\n\t\t\t\t<div class=\"elementor-widget-container\">\n\t\t\t\t\t\t\t\t\t<p><span style=\"font-weight: 400;\">\u201c<\/span><b>Organisatie van de wachtdienst voor huisartsen<\/b><\/p><p><span style=\"font-weight: 400;\">De wet legt aan de kringen van huisartsen op om een wachtdienst te organiseren in hun volledige gebied. (K.B. van 8 maart 2002, art. 4).<\/span><\/p><p><span style=\"font-weight: 400;\">Het Brussels Gewest vormt \u00e9\u00e9n aaneengesloten zone voor huisartsen.<\/span><\/p><p><span style=\"font-weight: 400;\">Echter, om redenen van communautaire uitzonderingen overlappen twee huisartsenkringen territoriaal in Brussel:<\/span><\/p><ul><li style=\"font-weight: 400;\" aria-level=\"1\"><span style=\"font-weight: 400;\">F\u00e9d\u00e9ration des associations de m\u00e9decins g\u00e9n\u00e9ralistes de Bruxelles vzw (BCE: 0432.556.850)<\/span><span style=\"font-weight: 400;\"><br \/><br \/><\/span><\/li><li style=\"font-weight: 400;\" aria-level=\"1\"><span style=\"font-weight: 400;\">Brusselse huisartsenkring vzw (BCE: 0419.649.912)<\/span><span style=\"font-weight: 400;\"><br \/><br \/><\/span><\/li><\/ul><p><span style=\"font-weight: 400;\">Sinds 26 juni 2014 kozen deze twee kringen ervoor om samen een gemeenschappelijke wachtdienst voor huisartsen te organiseren. Juist om deze gezamenlijke opdracht te waarborgen, werd onze tweetalige entiteit opgericht:<\/span><span style=\"font-weight: 400;\"><br \/><\/span> <b>Garde bruxelloise vzw \u2013 Brusselse wachtdienst vzw (BCE: 0554.791.597)<\/b><\/p><p><b>Gedragscodes die onze medische activiteit reguleren:<\/b><\/p><ul><li style=\"font-weight: 400;\" aria-level=\"1\"><span style=\"font-weight: 400;\">Medische deontologische code 2018 (tuchtrecht)<\/span><span style=\"font-weight: 400;\"><br \/><br \/><\/span><\/li><li style=\"font-weight: 400;\" aria-level=\"1\"><span style=\"font-weight: 400;\">Pati\u00ebntenrechten (wetgeving)<\/span><span style=\"font-weight: 400;\"><br \/><br \/><\/span><\/li><li style=\"font-weight: 400;\" aria-level=\"1\"><span style=\"font-weight: 400;\">Kwaliteitswet voor zorgverleners (wetgeving)<\/span><span style=\"font-weight: 400;\"><br \/><br \/><\/span><\/li><\/ul><p><b>Heeft u een klacht over onze geleverde zorg?<\/b><b><br \/><\/b><span style=\"font-weight: 400;\"> Contacteer ons. Bedankt voor uw bijdrage aan de voortdurende verbetering van onze werking en de kwaliteit van onze zorg!<\/span><\/p><p><b>Ontevreden over onze reactie op uw klacht?<\/b><b><br \/><\/b><span style=\"font-weight: 400;\"> Als u niet tevreden bent met onze reactie, kunt u zich richten tot de bevoegde toezichts- of bemiddelingsautoriteit. Bij deze instantie kunt u indien nodig een klacht indienen, een vraag stellen, bemiddeling aanvragen of een melding doen.<\/span><\/p><p><span style=\"font-weight: 400;\">Om de correcte toepassing van elk van de drie bovengenoemde gedragscodes te waarborgen, zijn er drie controleorganen opgericht. Afhankelijk van de aard van uw klacht zal het betrokken orgaan verschillend zijn. Bijvoorbeeld, tuchtzaken vallen onder de bevoegdheid van de Orde van Artsen.<\/span><\/p><p><b>Bevoegde toezichts- of bemiddelingsautoriteiten:<\/b><\/p><ul><li style=\"font-weight: 400;\" aria-level=\"1\"><span style=\"font-weight: 400;\">Medische deontologische code 2018: Provinciale commissie van de Orde van Artsen<\/span><span style=\"font-weight: 400;\"><br \/><br \/><\/span><\/li><li style=\"font-weight: 400;\" aria-level=\"1\"><span style=\"font-weight: 400;\">Pati\u00ebntenrechten: Federale bemiddelingsdienst &#8220;Pati\u00ebntenrechten&#8221;<\/span><span style=\"font-weight: 400;\"><br \/><br \/><\/span><\/li><\/ul><p><span style=\"font-weight: 400;\">Kwaliteitswet voor zorgverleners: Federale Controlecommissie\u201d\u00a0 <\/span><b>\u00a0(Il faudra ajouter les liens) <\/b><\/p>\t\t\t\t\t\t\t\t<\/div>\n\t\t\t\t<\/div>\n\t\t            <\/div>\r\n        <\/div>\r\n        \t\t\t<\/div>\n\t\t<\/section>\n\t\t\t\t<\/div>\n\t\t","protected":false},"excerpt":{"rendered":"<p>Juridische kennisgeving Home \u201cOrganisatie van de wachtdienst voor huisartsen De wet legt aan de kringen van huisartsen op om een wachtdienst te organiseren in hun volledige gebied. (K.B. van 8 maart 2002, art. 4). Het Brussels Gewest vormt \u00e9\u00e9n aaneengesloten zone voor huisartsen. Echter, om redenen van communautaire uitzonderingen overlappen twee huisartsenkringen territoriaal in Brussel: [&hellip;]<\/p>\n","protected":false},"author":2,"featured_media":0,"parent":0,"menu_order":0,"comment_status":"closed","ping_status":"closed","template":"","meta":{"footnotes":""},"class_list":["post-12763","page","type-page","status-publish","hentry"],"yoast_head":"<!-- This site is optimized with the Yoast SEO plugin v24.8.1 - https:\/\/yoast.com\/wordpress\/plugins\/seo\/ -->\n<title>Juridische kennisgeving - Garde Bruxelloise<\/title>\n<meta name=\"robots\" content=\"index, follow, max-snippet:-1, max-image-preview:large, max-video-preview:-1\" \/>\n<link rel=\"canonical\" href=\"https:\/\/www.gbbw.be\/nl\/juridische-kennisgeving\/\" \/>\n<meta property=\"og:locale\" content=\"nl_NL\" \/>\n<meta property=\"og:type\" content=\"article\" \/>\n<meta property=\"og:title\" content=\"Juridische kennisgeving - Garde Bruxelloise\" \/>\n<meta property=\"og:description\" content=\"Juridische kennisgeving Home \u201cOrganisatie van de wachtdienst voor huisartsen De wet legt aan de kringen van huisartsen op om een wachtdienst te organiseren in hun volledige gebied. (K.B. van 8 maart 2002, art. 4). Het Brussels Gewest vormt \u00e9\u00e9n aaneengesloten zone voor huisartsen. Echter, om redenen van communautaire uitzonderingen overlappen twee huisartsenkringen territoriaal in Brussel: [&hellip;]\" \/>\n<meta property=\"og:url\" content=\"https:\/\/www.gbbw.be\/nl\/juridische-kennisgeving\/\" \/>\n<meta property=\"og:site_name\" content=\"Garde Bruxelloise\" \/>\n<meta property=\"article:modified_time\" content=\"2025-11-20T13:03:15+00:00\" \/>\n<meta name=\"twitter:card\" content=\"summary_large_image\" \/>\n<meta name=\"twitter:label1\" content=\"Geschatte leestijd\" \/>\n\t<meta name=\"twitter:data1\" content=\"2 minuten\" \/>\n<script type=\"application\/ld+json\" class=\"yoast-schema-graph\">{\"@context\":\"https:\/\/schema.org\",\"@graph\":[{\"@type\":\"WebPage\",\"@id\":\"https:\/\/www.gbbw.be\/nl\/juridische-kennisgeving\/\",\"url\":\"https:\/\/www.gbbw.be\/nl\/juridische-kennisgeving\/\",\"name\":\"Juridische kennisgeving - Garde Bruxelloise\",\"isPartOf\":{\"@id\":\"https:\/\/www.gbbw.be\/#website\"},\"datePublished\":\"2025-11-20T13:02:06+00:00\",\"dateModified\":\"2025-11-20T13:03:15+00:00\",\"breadcrumb\":{\"@id\":\"https:\/\/www.gbbw.be\/nl\/juridische-kennisgeving\/#breadcrumb\"},\"inLanguage\":\"nl-NL\",\"potentialAction\":[{\"@type\":\"ReadAction\",\"target\":[\"https:\/\/www.gbbw.be\/nl\/juridische-kennisgeving\/\"]}]},{\"@type\":\"BreadcrumbList\",\"@id\":\"https:\/\/www.gbbw.be\/nl\/juridische-kennisgeving\/#breadcrumb\",\"itemListElement\":[{\"@type\":\"ListItem\",\"position\":1,\"name\":\"Accueil\",\"item\":\"https:\/\/www.gbbw.be\/nl\/\"},{\"@type\":\"ListItem\",\"position\":2,\"name\":\"Juridische kennisgeving\"}]},{\"@type\":\"WebSite\",\"@id\":\"https:\/\/www.gbbw.be\/#website\",\"url\":\"https:\/\/www.gbbw.be\/\",\"name\":\"Garde Bruxelloise\",\"description\":\"Besoin d&#039;un m\u00e9decin en r\u00e9gion bruxelloise ? Contactez la Garde Bruxelloise : 02\/201 22 22 24h sur 24 et 7 jours\/7\",\"potentialAction\":[{\"@type\":\"SearchAction\",\"target\":{\"@type\":\"EntryPoint\",\"urlTemplate\":\"https:\/\/www.gbbw.be\/?s={search_term_string}\"},\"query-input\":{\"@type\":\"PropertyValueSpecification\",\"valueRequired\":true,\"valueName\":\"search_term_string\"}}],\"inLanguage\":\"nl-NL\"}]}<\/script>\n<!-- \/ Yoast SEO plugin. -->","yoast_head_json":{"title":"Juridische kennisgeving - Garde Bruxelloise","robots":{"index":"index","follow":"follow","max-snippet":"max-snippet:-1","max-image-preview":"max-image-preview:large","max-video-preview":"max-video-preview:-1"},"canonical":"https:\/\/www.gbbw.be\/nl\/juridische-kennisgeving\/","og_locale":"nl_NL","og_type":"article","og_title":"Juridische kennisgeving - Garde Bruxelloise","og_description":"Juridische kennisgeving Home \u201cOrganisatie van de wachtdienst voor huisartsen De wet legt aan de kringen van huisartsen op om een wachtdienst te organiseren in hun volledige gebied. (K.B. van 8 maart 2002, art. 4). Het Brussels Gewest vormt \u00e9\u00e9n aaneengesloten zone voor huisartsen. Echter, om redenen van communautaire uitzonderingen overlappen twee huisartsenkringen territoriaal in Brussel: [&hellip;]","og_url":"https:\/\/www.gbbw.be\/nl\/juridische-kennisgeving\/","og_site_name":"Garde Bruxelloise","article_modified_time":"2025-11-20T13:03:15+00:00","twitter_card":"summary_large_image","twitter_misc":{"Geschatte leestijd":"2 minuten"},"schema":{"@context":"https:\/\/schema.org","@graph":[{"@type":"WebPage","@id":"https:\/\/www.gbbw.be\/nl\/juridische-kennisgeving\/","url":"https:\/\/www.gbbw.be\/nl\/juridische-kennisgeving\/","name":"Juridische kennisgeving - Garde Bruxelloise","isPartOf":{"@id":"https:\/\/www.gbbw.be\/#website"},"datePublished":"2025-11-20T13:02:06+00:00","dateModified":"2025-11-20T13:03:15+00:00","breadcrumb":{"@id":"https:\/\/www.gbbw.be\/nl\/juridische-kennisgeving\/#breadcrumb"},"inLanguage":"nl-NL","potentialAction":[{"@type":"ReadAction","target":["https:\/\/www.gbbw.be\/nl\/juridische-kennisgeving\/"]}]},{"@type":"BreadcrumbList","@id":"https:\/\/www.gbbw.be\/nl\/juridische-kennisgeving\/#breadcrumb","itemListElement":[{"@type":"ListItem","position":1,"name":"Accueil","item":"https:\/\/www.gbbw.be\/nl\/"},{"@type":"ListItem","position":2,"name":"Juridische kennisgeving"}]},{"@type":"WebSite","@id":"https:\/\/www.gbbw.be\/#website","url":"https:\/\/www.gbbw.be\/","name":"Garde Bruxelloise","description":"Besoin d&#039;un m\u00e9decin en r\u00e9gion bruxelloise ? Contactez la Garde Bruxelloise : 02\/201 22 22 24h sur 24 et 7 jours\/7","potentialAction":[{"@type":"SearchAction","target":{"@type":"EntryPoint","urlTemplate":"https:\/\/www.gbbw.be\/?s={search_term_string}"},"query-input":{"@type":"PropertyValueSpecification","valueRequired":true,"valueName":"search_term_string"}}],"inLanguage":"nl-NL"}]}},"_links":{"self":[{"href":"https:\/\/www.gbbw.be\/nl\/wp-json\/wp\/v2\/pages\/12763","targetHints":{"allow":["GET"]}}],"collection":[{"href":"https:\/\/www.gbbw.be\/nl\/wp-json\/wp\/v2\/pages"}],"about":[{"href":"https:\/\/www.gbbw.be\/nl\/wp-json\/wp\/v2\/types\/page"}],"author":[{"embeddable":true,"href":"https:\/\/www.gbbw.be\/nl\/wp-json\/wp\/v2\/users\/2"}],"replies":[{"embeddable":true,"href":"https:\/\/www.gbbw.be\/nl\/wp-json\/wp\/v2\/comments?post=12763"}],"version-history":[{"count":4,"href":"https:\/\/www.gbbw.be\/nl\/wp-json\/wp\/v2\/pages\/12763\/revisions"}],"predecessor-version":[{"id":12767,"href":"https:\/\/www.gbbw.be\/nl\/wp-json\/wp\/v2\/pages\/12763\/revisions\/12767"}],"wp:attachment":[{"href":"https:\/\/www.gbbw.be\/nl\/wp-json\/wp\/v2\/media?parent=12763"}],"curies":[{"name":"wp","href":"https:\/\/api.w.org\/{rel}","templated":true}]}}