{"id":12777,"date":"2025-11-20T14:07:23","date_gmt":"2025-11-20T13:07:23","guid":{"rendered":"https:\/\/www.gbbw.be\/?page_id=12777"},"modified":"2025-11-20T14:09:25","modified_gmt":"2025-11-20T13:09:25","slug":"legal-mentions","status":"publish","type":"page","link":"https:\/\/www.gbbw.be\/en\/legal-mentions\/","title":{"rendered":"Legal Mentions"},"content":{"rendered":"\t\t<div data-elementor-type=\"wp-page\" data-elementor-id=\"12777\" class=\"elementor elementor-12777\">\n\t\t\t\t        <section class=\"elementor-section elementor-top-section elementor-element elementor-element-e38d6e8 elementor-section-stretched elementor-section-boxed elementor-section-height-default elementor-section-height-default pxl-row-scroll-none pxl-zoom-point-false pxl-section-overflow-visible pxl-section-fix-none pxl-bg-color-none pxl-section-overlay-none\" data-id=\"e38d6e8\" data-element_type=\"section\" data-settings=\"{&quot;stretch_section&quot;:&quot;section-stretched&quot;}\">\n\n                \n                <div class=\"elementor-container elementor-column-gap-extended \">\n                <div class=\"elementor-column elementor-col-100 elementor-top-column elementor-element elementor-element-23a8516 pxl-column-none\" data-id=\"23a8516\" data-element_type=\"column\" data-settings=\"{&quot;background_background&quot;:&quot;classic&quot;}\">\r\n        <div class=\"elementor-widget-wrap elementor-element-populated\">\r\n                                <div class=\"elementor-background-overlay\"><\/div>\r\n         \r\n                <section class=\"elementor-section elementor-inner-section elementor-element elementor-element-737da16 elementor-section-content-bottom elementor-section-boxed elementor-section-height-default elementor-section-height-default pxl-row-scroll-none pxl-zoom-point-false pxl-section-overflow-visible pxl-section-fix-none pxl-bg-color-none pxl-section-overlay-none\" data-id=\"737da16\" data-element_type=\"section\">\n\n                \n                <div class=\"elementor-container elementor-column-gap-extended \">\n                <div class=\"elementor-column elementor-col-50 elementor-inner-column elementor-element elementor-element-8f3959b pxl-column-none pxl-column-overflow-hidden-no\" data-id=\"8f3959b\" data-element_type=\"column\">\r\n        <div class=\"elementor-widget-wrap elementor-element-populated\">\r\n                     \r\n        \t\t<div class=\"elementor-element elementor-element-bfcda48 elementor-widget__width-auto elementor-widget elementor-widget-pxl_heading\" data-id=\"bfcda48\" data-element_type=\"widget\" data-widget_type=\"pxl_heading.default\">\n\t\t\t\t<div class=\"elementor-widget-container\">\n\t\t\t\t\t\n<div id=\"pxl-pxl_heading-bfcda48-3166\" class=\"pxl-heading px-sub-title-default-style \">\n\t<div class=\"pxl-heading--inner\">\n\t\t\n\t\t<h3 class=\"pxl-item--title style-default  highlight-default \" data-wow-delay=\"ms\">\n\t\t\t\t\tLegal Mentions\t\n\t\t\t\n\t\t<\/h3>\n\t\t\n\t<\/div>\n<\/div>\t\t\t\t<\/div>\n\t\t\t\t<\/div>\n\t\t            <\/div>\r\n        <\/div>\r\n                <div class=\"elementor-column elementor-col-50 elementor-inner-column elementor-element elementor-element-adab693 pxl-column-none pxl-column-overflow-hidden-no\" data-id=\"adab693\" data-element_type=\"column\">\r\n        <div class=\"elementor-widget-wrap elementor-element-populated\">\r\n                     \r\n        \t\t<div class=\"elementor-element elementor-element-63a46ee elementor-widget__width-auto elementor-widget elementor-widget-pxl_breadcrumb\" data-id=\"63a46ee\" data-element_type=\"widget\" data-widget_type=\"pxl_breadcrumb.default\">\n\t\t\t\t<div class=\"elementor-widget-container\">\n\t\t\t\t\t<div class=\"pxl-breadcrumb-wrap\">\n\t<ul class=\"pxl-breadcrumb\"><li><span class=\"breadcrumb-entry\">Home<\/span><\/li><\/ul><\/div>\t\t\t\t<\/div>\n\t\t\t\t<\/div>\n\t\t            <\/div>\r\n        <\/div>\r\n        \t\t\t<\/div>\n\t\t<\/section>\n\t\t            <\/div>\r\n        <\/div>\r\n        \t\t\t<\/div>\n\t\t<\/section>\n\t\t        <section class=\"elementor-section elementor-top-section elementor-element elementor-element-59cef04 elementor-section-boxed elementor-section-height-default elementor-section-height-default pxl-row-scroll-none pxl-zoom-point-false pxl-section-overflow-visible pxl-section-fix-none pxl-bg-color-none pxl-section-overlay-none\" data-id=\"59cef04\" data-element_type=\"section\">\n\n                \n                <div class=\"elementor-container elementor-column-gap-default \">\n                <div class=\"elementor-column elementor-col-100 elementor-top-column elementor-element elementor-element-f696a5f pxl-column-none pxl-column-overflow-hidden-no\" data-id=\"f696a5f\" data-element_type=\"column\">\r\n        <div class=\"elementor-widget-wrap elementor-element-populated\">\r\n                     \r\n        \t\t<div class=\"elementor-element elementor-element-0d9b636 elementor-widget elementor-widget-text-editor\" data-id=\"0d9b636\" data-element_type=\"widget\" data-widget_type=\"text-editor.default\">\n\t\t\t\t<div class=\"elementor-widget-container\">\n\t\t\t\t\t\t\t\t\t<p><span style=\"font-weight: 400;\">\u201c<\/span><b>Organisation of the General Practitioners\u2019 On-Call Service<\/b><\/p><p><span style=\"font-weight: 400;\">The law assigns the mission to circles of general practitioners to organise an on-call service throughout their entire area. (Royal Decree of 8 March 2002, Article 4).<\/span><\/p><p><span style=\"font-weight: 400;\">The Brussels region corresponds to a single continuous zone for general practitioners.<\/span><\/p><p><span style=\"font-weight: 400;\">However, due to community-specific exceptions, two circles of general practitioners territorially overlap in Brussels:<\/span><\/p><ul><li style=\"font-weight: 400;\" aria-level=\"1\"><span style=\"font-weight: 400;\">F\u00e9d\u00e9ration des associations de m\u00e9decins g\u00e9n\u00e9ralistes de Bruxelles (non-profit organisation) (Company number: 0432.556.850)<\/span><span style=\"font-weight: 400;\"><br \/><br \/><\/span><\/li><li style=\"font-weight: 400;\" aria-level=\"1\"><span style=\"font-weight: 400;\">Brusselse huisartsenkring (non-profit organisation) (Company number: 0419.649.912)<\/span><span style=\"font-weight: 400;\"><br \/><br \/><\/span><\/li><\/ul><p><span style=\"font-weight: 400;\">Since 26 June 2014, these two circles have chosen to organise a joint on-call service for general practitioners. It is precisely to ensure the sharing of this mission that our bilingual entity was established:<\/span><span style=\"font-weight: 400;\"><br \/><\/span> <b>Garde bruxelloise (non-profit organisation) \u2013 Brusselse wachtdienst (non-profit organisation) (Company number: 0554.791.597)<\/b><\/p><p><b>Codes of conduct regulating our medical activity:<\/b><\/p><ul><li style=\"font-weight: 400;\" aria-level=\"1\"><span style=\"font-weight: 400;\">Medical Code of Ethics 2018 (disciplinary law)<\/span><span style=\"font-weight: 400;\"><br \/><br \/><\/span><\/li><li style=\"font-weight: 400;\" aria-level=\"1\"><span style=\"font-weight: 400;\">Patient Rights (legislative law)<\/span><span style=\"font-weight: 400;\"><br \/><br \/><\/span><\/li><li style=\"font-weight: 400;\" aria-level=\"1\"><span style=\"font-weight: 400;\">Quality Law for Healthcare Professionals (legislative law)<\/span><span style=\"font-weight: 400;\"><br \/><br \/><\/span><\/li><\/ul><p><b>Do you have a complaint regarding the care we provided?<\/b><b><br \/><\/b><span style=\"font-weight: 400;\"> Please contact us. Thank you for contributing to the continuous improvement of our operations and the quality of our care!<\/span><\/p><p><b>Unsatisfied with our response to your complaint?<\/b><b><br \/><\/b><span style=\"font-weight: 400;\"> If you are not satisfied with our response, you have the right to contact the competent supervisory or mediation authority. You may file a complaint, ask a question, request mediation, or make a notification with them as appropriate.<\/span><\/p><p><span style=\"font-weight: 400;\">To ensure the proper application of each of the three codes of conduct mentioned above, three supervisory authorities have been established. Depending on the nature of your complaint, the relevant body will differ. For example, disciplinary matters fall under the jurisdiction of the Medical Council.<\/span><\/p><p><b>Competent supervisory or mediation authorities:<\/b><\/p><ul><li style=\"font-weight: 400;\" aria-level=\"1\"><span style=\"font-weight: 400;\">Medical Code of Ethics 2018: Provincial Commission of the Medical Council<\/span><span style=\"font-weight: 400;\"><br \/><br \/><\/span><\/li><li style=\"font-weight: 400;\" aria-level=\"1\"><span style=\"font-weight: 400;\">Patient Rights: Federal Mediation Service &#8220;Patient Rights&#8221;<\/span><span style=\"font-weight: 400;\"><br \/><br \/><\/span><\/li><li style=\"font-weight: 400;\" aria-level=\"1\"><span style=\"font-weight: 400;\">Quality Law for Healthcare Professionals: Federal Control Commission\u201d\u00a0 <\/span><b>\u00a0(Il faudra ajouter les liens)\u00a0<\/b><\/li><\/ul>\t\t\t\t\t\t\t\t<\/div>\n\t\t\t\t<\/div>\n\t\t            <\/div>\r\n        <\/div>\r\n        \t\t\t<\/div>\n\t\t<\/section>\n\t\t\t\t<\/div>\n\t\t","protected":false},"excerpt":{"rendered":"<p>Legal Mentions Home \u201cOrganisation of the General Practitioners\u2019 On-Call Service The law assigns the mission to circles of general practitioners to organise an on-call service throughout their entire area. (Royal Decree of 8 March 2002, Article 4). The Brussels region corresponds to a single continuous zone for general practitioners. However, due to community-specific exceptions, two [&hellip;]<\/p>\n","protected":false},"author":2,"featured_media":0,"parent":0,"menu_order":0,"comment_status":"closed","ping_status":"closed","template":"","meta":{"footnotes":""},"class_list":["post-12777","page","type-page","status-publish","hentry"],"yoast_head":"<!-- This site is optimized with the Yoast SEO plugin v24.8.1 - https:\/\/yoast.com\/wordpress\/plugins\/seo\/ -->\n<title>Legal Mentions - Garde Bruxelloise<\/title>\n<meta name=\"robots\" content=\"index, follow, max-snippet:-1, max-image-preview:large, max-video-preview:-1\" \/>\n<link rel=\"canonical\" href=\"https:\/\/www.gbbw.be\/en\/legal-mentions\/\" \/>\n<meta property=\"og:locale\" content=\"en_US\" \/>\n<meta property=\"og:type\" content=\"article\" \/>\n<meta property=\"og:title\" content=\"Legal Mentions - Garde Bruxelloise\" \/>\n<meta property=\"og:description\" content=\"Legal Mentions Home \u201cOrganisation of the General Practitioners\u2019 On-Call Service The law assigns the mission to circles of general practitioners to organise an on-call service throughout their entire area. (Royal Decree of 8 March 2002, Article 4). The Brussels region corresponds to a single continuous zone for general practitioners. However, due to community-specific exceptions, two [&hellip;]\" \/>\n<meta property=\"og:url\" content=\"https:\/\/www.gbbw.be\/en\/legal-mentions\/\" \/>\n<meta property=\"og:site_name\" content=\"Garde Bruxelloise\" \/>\n<meta property=\"article:modified_time\" content=\"2025-11-20T13:09:25+00:00\" \/>\n<meta name=\"twitter:card\" content=\"summary_large_image\" \/>\n<meta name=\"twitter:label1\" content=\"Est. reading time\" \/>\n\t<meta name=\"twitter:data1\" content=\"2 minutes\" \/>\n<script type=\"application\/ld+json\" class=\"yoast-schema-graph\">{\"@context\":\"https:\/\/schema.org\",\"@graph\":[{\"@type\":\"WebPage\",\"@id\":\"https:\/\/www.gbbw.be\/en\/legal-mentions\/\",\"url\":\"https:\/\/www.gbbw.be\/en\/legal-mentions\/\",\"name\":\"Legal Mentions - Garde Bruxelloise\",\"isPartOf\":{\"@id\":\"https:\/\/www.gbbw.be\/#website\"},\"datePublished\":\"2025-11-20T13:07:23+00:00\",\"dateModified\":\"2025-11-20T13:09:25+00:00\",\"breadcrumb\":{\"@id\":\"https:\/\/www.gbbw.be\/en\/legal-mentions\/#breadcrumb\"},\"inLanguage\":\"en-US\",\"potentialAction\":[{\"@type\":\"ReadAction\",\"target\":[\"https:\/\/www.gbbw.be\/en\/legal-mentions\/\"]}]},{\"@type\":\"BreadcrumbList\",\"@id\":\"https:\/\/www.gbbw.be\/en\/legal-mentions\/#breadcrumb\",\"itemListElement\":[{\"@type\":\"ListItem\",\"position\":1,\"name\":\"Accueil\",\"item\":\"https:\/\/www.gbbw.be\/en\/\"},{\"@type\":\"ListItem\",\"position\":2,\"name\":\"Legal Mentions\"}]},{\"@type\":\"WebSite\",\"@id\":\"https:\/\/www.gbbw.be\/#website\",\"url\":\"https:\/\/www.gbbw.be\/\",\"name\":\"Garde Bruxelloise\",\"description\":\"Besoin d&#039;un m\u00e9decin en r\u00e9gion bruxelloise ? Contactez la Garde Bruxelloise : 02\/201 22 22 24h sur 24 et 7 jours\/7\",\"potentialAction\":[{\"@type\":\"SearchAction\",\"target\":{\"@type\":\"EntryPoint\",\"urlTemplate\":\"https:\/\/www.gbbw.be\/?s={search_term_string}\"},\"query-input\":{\"@type\":\"PropertyValueSpecification\",\"valueRequired\":true,\"valueName\":\"search_term_string\"}}],\"inLanguage\":\"en-US\"}]}<\/script>\n<!-- \/ Yoast SEO plugin. -->","yoast_head_json":{"title":"Legal Mentions - Garde Bruxelloise","robots":{"index":"index","follow":"follow","max-snippet":"max-snippet:-1","max-image-preview":"max-image-preview:large","max-video-preview":"max-video-preview:-1"},"canonical":"https:\/\/www.gbbw.be\/en\/legal-mentions\/","og_locale":"en_US","og_type":"article","og_title":"Legal Mentions - Garde Bruxelloise","og_description":"Legal Mentions Home \u201cOrganisation of the General Practitioners\u2019 On-Call Service The law assigns the mission to circles of general practitioners to organise an on-call service throughout their entire area. (Royal Decree of 8 March 2002, Article 4). The Brussels region corresponds to a single continuous zone for general practitioners. However, due to community-specific exceptions, two [&hellip;]","og_url":"https:\/\/www.gbbw.be\/en\/legal-mentions\/","og_site_name":"Garde Bruxelloise","article_modified_time":"2025-11-20T13:09:25+00:00","twitter_card":"summary_large_image","twitter_misc":{"Est. reading time":"2 minutes"},"schema":{"@context":"https:\/\/schema.org","@graph":[{"@type":"WebPage","@id":"https:\/\/www.gbbw.be\/en\/legal-mentions\/","url":"https:\/\/www.gbbw.be\/en\/legal-mentions\/","name":"Legal Mentions - Garde Bruxelloise","isPartOf":{"@id":"https:\/\/www.gbbw.be\/#website"},"datePublished":"2025-11-20T13:07:23+00:00","dateModified":"2025-11-20T13:09:25+00:00","breadcrumb":{"@id":"https:\/\/www.gbbw.be\/en\/legal-mentions\/#breadcrumb"},"inLanguage":"en-US","potentialAction":[{"@type":"ReadAction","target":["https:\/\/www.gbbw.be\/en\/legal-mentions\/"]}]},{"@type":"BreadcrumbList","@id":"https:\/\/www.gbbw.be\/en\/legal-mentions\/#breadcrumb","itemListElement":[{"@type":"ListItem","position":1,"name":"Accueil","item":"https:\/\/www.gbbw.be\/en\/"},{"@type":"ListItem","position":2,"name":"Legal Mentions"}]},{"@type":"WebSite","@id":"https:\/\/www.gbbw.be\/#website","url":"https:\/\/www.gbbw.be\/","name":"Garde Bruxelloise","description":"Besoin d&#039;un m\u00e9decin en r\u00e9gion bruxelloise ? Contactez la Garde Bruxelloise : 02\/201 22 22 24h sur 24 et 7 jours\/7","potentialAction":[{"@type":"SearchAction","target":{"@type":"EntryPoint","urlTemplate":"https:\/\/www.gbbw.be\/?s={search_term_string}"},"query-input":{"@type":"PropertyValueSpecification","valueRequired":true,"valueName":"search_term_string"}}],"inLanguage":"en-US"}]}},"_links":{"self":[{"href":"https:\/\/www.gbbw.be\/en\/wp-json\/wp\/v2\/pages\/12777","targetHints":{"allow":["GET"]}}],"collection":[{"href":"https:\/\/www.gbbw.be\/en\/wp-json\/wp\/v2\/pages"}],"about":[{"href":"https:\/\/www.gbbw.be\/en\/wp-json\/wp\/v2\/types\/page"}],"author":[{"embeddable":true,"href":"https:\/\/www.gbbw.be\/en\/wp-json\/wp\/v2\/users\/2"}],"replies":[{"embeddable":true,"href":"https:\/\/www.gbbw.be\/en\/wp-json\/wp\/v2\/comments?post=12777"}],"version-history":[{"count":4,"href":"https:\/\/www.gbbw.be\/en\/wp-json\/wp\/v2\/pages\/12777\/revisions"}],"predecessor-version":[{"id":12784,"href":"https:\/\/www.gbbw.be\/en\/wp-json\/wp\/v2\/pages\/12777\/revisions\/12784"}],"wp:attachment":[{"href":"https:\/\/www.gbbw.be\/en\/wp-json\/wp\/v2\/media?parent=12777"}],"curies":[{"name":"wp","href":"https:\/\/api.w.org\/{rel}","templated":true}]}}